{"id":13435,"date":"2026-03-03T11:16:47","date_gmt":"2026-03-03T11:16:47","guid":{"rendered":"https:\/\/sprintzerofoodwaste.eu\/?page_id=13435"},"modified":"2026-03-03T12:55:38","modified_gmt":"2026-03-03T12:55:38","slug":"multimedia-y-difusion","status":"publish","type":"page","link":"https:\/\/sprintzerofoodwaste.eu\/en\/multimedia-y-difusion\/","title":{"rendered":"Multimedia y difusi\u00f3n"},"content":{"rendered":"<div data-elementor-type=\"wp-page\" data-elementor-id=\"13435\" class=\"elementor elementor-13435\">\n\t\t\t\t\t\t<section class=\"elementor-section elementor-top-section elementor-element elementor-element-e92ac9c elementor-section-full_width elementor-section-height-min-height elementor-section-height-default elementor-section-items-middle qodef-elementor-content-no\" data-id=\"e92ac9c\" data-element_type=\"section\" data-settings=\"{&quot;background_background&quot;:&quot;classic&quot;}\">\n\t\t\t\t\t\t\t<div class=\"elementor-background-overlay\"><\/div>\n\t\t\t\t\t\t\t<div class=\"elementor-container elementor-column-gap-no\">\n\t\t\t\t\t<div class=\"elementor-column elementor-col-100 elementor-top-column elementor-element elementor-element-aac5d57\" data-id=\"aac5d57\" data-element_type=\"column\">\n\t\t\t<div class=\"elementor-widget-wrap elementor-element-populated\">\n\t\t\t\t\t\t<div class=\"elementor-element elementor-element-34f5d9e elementor-widget elementor-widget-earthcare_core_section_title\" data-id=\"34f5d9e\" data-element_type=\"widget\" data-widget_type=\"earthcare_core_section_title.default\">\n\t\t\t\t<div class=\"elementor-widget-container\">\n\t\t\t<div class=\"qodef-shortcode qodef-m  qodef-section-title qodef-alignment--center\">\n\t\t<h5 class=\"qodef-m-tagline\" style=\"color: #FFFFFF;margin-bottom: 5px\">No te pierdas nada<\/h5>\n\t\t\t<h1 class=\"qodef-m-title\" style=\"color: #FFFFFF\">\n\t\t\t\t\tMultimedia y difusi\u00f3n\t\t\t<\/h1>\n\t<\/div>\n\t\t<\/div>\n\t\t\t\t<\/div>\n\t\t\t\t\t<\/div>\n\t\t<\/div>\n\t\t\t\t\t<\/div>\n\t\t<\/section>\n\t\t<div class=\"elementor-element elementor-element-2b55c53c e-flex e-con-boxed e-con e-parent\" data-id=\"2b55c53c\" data-element_type=\"container\" data-settings=\"{&quot;background_background&quot;:&quot;classic&quot;}\">\n\t\t\t\t\t<div class=\"e-con-inner\">\n\t\t<div class=\"elementor-element elementor-element-28372279 e-con-full e-flex e-con e-child\" data-id=\"28372279\" data-element_type=\"container\">\n\t\t\t\t<div class=\"elementor-element elementor-element-3c19744 elementor-widget elementor-widget-earthcare_core_video_holder\" data-id=\"3c19744\" data-element_type=\"widget\" data-widget_type=\"earthcare_core_video_holder.default\">\n\t\t\t\t<div class=\"elementor-widget-container\">\n\t\t\t<div class=\"qodef-shortcode qodef-m  qodef-video-holder\">\n\t\t<div class=\"qodef-m-video\">\n\t\t<video autoplay=\"autoplay\" loop=\"loop\" muted=\"muted\" playsinline=\"\">\n\t\t\t<source src=\"https:\/\/sprintzerofoodwaste.eu\/wp-content\/uploads\/2026\/02\/VideoSPRINT01.mp4\">\n\t\t<\/video>\n\t<\/div>\n<\/div>\n\t\t<\/div>\n\t\t\t\t<\/div>\n\t\t\t\t<\/div>\n\t\t\t\t\t<\/div>\n\t\t\t\t<\/div>\n\t\t\t\t<\/div>","protected":false},"excerpt":{"rendered":"<p>No te pierdas nada Multimedia y difusi\u00f3n<\/p>","protected":false},"author":2,"featured_media":0,"parent":0,"menu_order":0,"comment_status":"closed","ping_status":"closed","template":"page-full-width.php","meta":{"footnotes":""},"class_list":["post-13435","page","type-page","status-publish","hentry"],"yoast_head":"<!-- This site is optimized with the Yoast SEO plugin v23.4 - https:\/\/yoast.com\/wordpress\/plugins\/seo\/ -->\n<title>Multimedia y difusi\u00f3n | SPRINT to zero food waste<\/title>\n<meta name=\"description\" content=\"No te pierdas ningun material multimedia y de difusi\u00f3n sobre SPRINT y estate al d\u00eda de todas las novedades del proyecto.\" \/>\n<meta name=\"robots\" content=\"index, follow, max-snippet:-1, max-image-preview:large, max-video-preview:-1\" \/>\n<link rel=\"canonical\" href=\"https:\/\/sprintzerofoodwaste.eu\/en\/multimedia-y-difusion\/\" \/>\n<meta property=\"og:locale\" content=\"en_GB\" \/>\n<meta property=\"og:type\" content=\"article\" \/>\n<meta property=\"og:title\" content=\"Multimedia y difusi\u00f3n | SPRINT to zero food waste\" \/>\n<meta property=\"og:description\" content=\"No te pierdas ningun material multimedia y de difusi\u00f3n sobre SPRINT y estate al d\u00eda de todas las novedades del proyecto.\" \/>\n<meta property=\"og:url\" content=\"https:\/\/sprintzerofoodwaste.eu\/en\/multimedia-y-difusion\/\" \/>\n<meta property=\"og:site_name\" content=\"Sprint | to zero food waste\" \/>\n<meta property=\"article:modified_time\" content=\"2026-03-03T12:55:38+00:00\" \/>\n<meta name=\"twitter:card\" content=\"summary_large_image\" \/>\n<meta name=\"twitter:label1\" content=\"Estimated reading time\" \/>\n\t<meta name=\"twitter:data1\" content=\"1 minute\" \/>\n<script type=\"application\/ld+json\" class=\"yoast-schema-graph\">{\"@context\":\"https:\/\/schema.org\",\"@graph\":[{\"@type\":\"WebPage\",\"@id\":\"https:\/\/sprintzerofoodwaste.eu\/multimedia-y-difusion\/\",\"url\":\"https:\/\/sprintzerofoodwaste.eu\/multimedia-y-difusion\/\",\"name\":\"Multimedia y difusi\u00f3n | SPRINT to zero food waste\",\"isPartOf\":{\"@id\":\"https:\/\/sprintzerofoodwaste.eu\/#website\"},\"datePublished\":\"2026-03-03T11:16:47+00:00\",\"dateModified\":\"2026-03-03T12:55:38+00:00\",\"description\":\"No te pierdas ningun material multimedia y de difusi\u00f3n sobre SPRINT y estate al d\u00eda de todas las novedades del proyecto.\",\"breadcrumb\":{\"@id\":\"https:\/\/sprintzerofoodwaste.eu\/multimedia-y-difusion\/#breadcrumb\"},\"inLanguage\":\"en-GB\",\"potentialAction\":[{\"@type\":\"ReadAction\",\"target\":[\"https:\/\/sprintzerofoodwaste.eu\/multimedia-y-difusion\/\"]}]},{\"@type\":\"BreadcrumbList\",\"@id\":\"https:\/\/sprintzerofoodwaste.eu\/multimedia-y-difusion\/#breadcrumb\",\"itemListElement\":[{\"@type\":\"ListItem\",\"position\":1,\"name\":\"Portada\",\"item\":\"https:\/\/sprintzerofoodwaste.eu\/\"},{\"@type\":\"ListItem\",\"position\":2,\"name\":\"Multimedia y difusi\u00f3n\"}]},{\"@type\":\"WebSite\",\"@id\":\"https:\/\/sprintzerofoodwaste.eu\/#website\",\"url\":\"https:\/\/sprintzerofoodwaste.eu\/\",\"name\":\"Sprint | to zero food waste\",\"description\":\"SPRINT es un proyecto financiado por la Uni\u00f3n Europea que tiene como objetivo reducir el desperdicio de alimentos por parte de los consumidores mediante estrategias basadas en evidencia. \",\"potentialAction\":[{\"@type\":\"SearchAction\",\"target\":{\"@type\":\"EntryPoint\",\"urlTemplate\":\"https:\/\/sprintzerofoodwaste.eu\/?s={search_term_string}\"},\"query-input\":{\"@type\":\"PropertyValueSpecification\",\"valueRequired\":true,\"valueName\":\"search_term_string\"}}],\"inLanguage\":\"en-GB\"}]}<\/script>\n<!-- \/ Yoast SEO plugin. -->","yoast_head_json":{"title":"Multimedia y difusi\u00f3n | SPRINT to zero food waste","description":"No te pierdas ningun material multimedia y de difusi\u00f3n sobre SPRINT y estate al d\u00eda de todas las novedades del proyecto.","robots":{"index":"index","follow":"follow","max-snippet":"max-snippet:-1","max-image-preview":"max-image-preview:large","max-video-preview":"max-video-preview:-1"},"canonical":"https:\/\/sprintzerofoodwaste.eu\/en\/multimedia-y-difusion\/","og_locale":"en_GB","og_type":"article","og_title":"Multimedia y difusi\u00f3n | SPRINT to zero food waste","og_description":"No te pierdas ningun material multimedia y de difusi\u00f3n sobre SPRINT y estate al d\u00eda de todas las novedades del proyecto.","og_url":"https:\/\/sprintzerofoodwaste.eu\/en\/multimedia-y-difusion\/","og_site_name":"Sprint | to zero food waste","article_modified_time":"2026-03-03T12:55:38+00:00","twitter_card":"summary_large_image","twitter_misc":{"Estimated reading time":"1 minute"},"schema":{"@context":"https:\/\/schema.org","@graph":[{"@type":"WebPage","@id":"https:\/\/sprintzerofoodwaste.eu\/multimedia-y-difusion\/","url":"https:\/\/sprintzerofoodwaste.eu\/multimedia-y-difusion\/","name":"Multimedia y difusi\u00f3n | SPRINT to zero food waste","isPartOf":{"@id":"https:\/\/sprintzerofoodwaste.eu\/#website"},"datePublished":"2026-03-03T11:16:47+00:00","dateModified":"2026-03-03T12:55:38+00:00","description":"No te pierdas ningun material multimedia y de difusi\u00f3n sobre SPRINT y estate al d\u00eda de todas las novedades del proyecto.","breadcrumb":{"@id":"https:\/\/sprintzerofoodwaste.eu\/multimedia-y-difusion\/#breadcrumb"},"inLanguage":"en-GB","potentialAction":[{"@type":"ReadAction","target":["https:\/\/sprintzerofoodwaste.eu\/multimedia-y-difusion\/"]}]},{"@type":"BreadcrumbList","@id":"https:\/\/sprintzerofoodwaste.eu\/multimedia-y-difusion\/#breadcrumb","itemListElement":[{"@type":"ListItem","position":1,"name":"Portada","item":"https:\/\/sprintzerofoodwaste.eu\/"},{"@type":"ListItem","position":2,"name":"Multimedia y difusi\u00f3n"}]},{"@type":"WebSite","@id":"https:\/\/sprintzerofoodwaste.eu\/#website","url":"https:\/\/sprintzerofoodwaste.eu\/","name":"Sprint | to zero food waste","description":"SPRINT es un proyecto financiado por la Uni\u00f3n Europea que tiene como objetivo reducir el desperdicio de alimentos por parte de los consumidores mediante estrategias basadas en evidencia. ","potentialAction":[{"@type":"SearchAction","target":{"@type":"EntryPoint","urlTemplate":"https:\/\/sprintzerofoodwaste.eu\/?s={search_term_string}"},"query-input":{"@type":"PropertyValueSpecification","valueRequired":true,"valueName":"search_term_string"}}],"inLanguage":"en-GB"}]}},"_links":{"self":[{"href":"https:\/\/sprintzerofoodwaste.eu\/en\/wp-json\/wp\/v2\/pages\/13435"}],"collection":[{"href":"https:\/\/sprintzerofoodwaste.eu\/en\/wp-json\/wp\/v2\/pages"}],"about":[{"href":"https:\/\/sprintzerofoodwaste.eu\/en\/wp-json\/wp\/v2\/types\/page"}],"author":[{"embeddable":true,"href":"https:\/\/sprintzerofoodwaste.eu\/en\/wp-json\/wp\/v2\/users\/2"}],"replies":[{"embeddable":true,"href":"https:\/\/sprintzerofoodwaste.eu\/en\/wp-json\/wp\/v2\/comments?post=13435"}],"version-history":[{"count":43,"href":"https:\/\/sprintzerofoodwaste.eu\/en\/wp-json\/wp\/v2\/pages\/13435\/revisions"}],"predecessor-version":[{"id":13485,"href":"https:\/\/sprintzerofoodwaste.eu\/en\/wp-json\/wp\/v2\/pages\/13435\/revisions\/13485"}],"wp:attachment":[{"href":"https:\/\/sprintzerofoodwaste.eu\/en\/wp-json\/wp\/v2\/media?parent=13435"}],"curies":[{"name":"wp","href":"https:\/\/api.w.org\/{rel}","templated":true}]}}